{"id":10787,"date":"2026-04-15T10:58:17","date_gmt":"2026-04-15T07:58:17","guid":{"rendered":"https:\/\/liftcolumn.com\/?post_type=product&#038;p=10787"},"modified":"2026-04-15T10:58:17","modified_gmt":"2026-04-15T07:58:17","slug":"phs02-el-kumandasi","status":"publish","type":"product","link":"https:\/\/liftcolumn.com\/?product=phs02-el-kumandasi","title":{"rendered":"PHS02 El Kumandas\u0131"},"content":{"rendered":"<p>\u00d6ZELL\u0130KLER ve SE\u00c7ENEKLER<\/p>\n<p>6 Adet Akt\u00fcat\u00f6r Kontrol Edebilir<br \/>\nKoruma S\u0131n\u0131f\u0131 : IPX6<br \/>\nButon Say\u0131s\u0131 : 14<br \/>\n\u00d6n Kapak : \u00d6zel veya Standart<br \/>\nKablo:Sarmal<br \/>\nKontrol Birimi: Sinyal kontrol<br \/>\nG\u00f6vde Rengi Parlak Gri RAL 7035<br \/>\nBa\u011f\u0131l Nem Oran\u0131 30% \u2013 75%<br \/>\n\u00c7al\u0131\u015fma S\u0131cakl\u0131\u011f\u0131+10\u00b0C \u2013 +40\u00b0C<\/p>\n<p>&nbsp;<\/p>\n","protected":false},"excerpt":{"rendered":"<p>OPS\u0130YONEL \u00d6ZELL\u0130KLER<\/p>\n<p>LED fonksiyonu<br \/>\nM\u00fc\u015fteriye \u00d6zel Bask\u0131 Folyo<br \/>\n\u0130stek \u00dczerine Tasar\u0131m<\/p>\n","protected":false},"featured_media":10771,"comment_status":"open","ping_status":"closed","template":"","meta":{"_acf_changed":false},"product_brand":[],"product_cat":[15],"product_tag":[],"class_list":{"0":"post-10787","1":"product","2":"type-product","3":"status-publish","4":"has-post-thumbnail","6":"product_cat-uncategorized","8":"first","9":"instock","10":"shipping-taxable","11":"product-type-simple"},"acf":[],"_links":{"self":[{"href":"https:\/\/liftcolumn.com\/index.php?rest_route=\/wp\/v2\/product\/10787","targetHints":{"allow":["GET"]}}],"collection":[{"href":"https:\/\/liftcolumn.com\/index.php?rest_route=\/wp\/v2\/product"}],"about":[{"href":"https:\/\/liftcolumn.com\/index.php?rest_route=\/wp\/v2\/types\/product"}],"replies":[{"embeddable":true,"href":"https:\/\/liftcolumn.com\/index.php?rest_route=%2Fwp%2Fv2%2Fcomments&post=10787"}],"wp:featuredmedia":[{"embeddable":true,"href":"https:\/\/liftcolumn.com\/index.php?rest_route=\/wp\/v2\/media\/10771"}],"wp:attachment":[{"href":"https:\/\/liftcolumn.com\/index.php?rest_route=%2Fwp%2Fv2%2Fmedia&parent=10787"}],"wp:term":[{"taxonomy":"product_brand","embeddable":true,"href":"https:\/\/liftcolumn.com\/index.php?rest_route=%2Fwp%2Fv2%2Fproduct_brand&post=10787"},{"taxonomy":"product_cat","embeddable":true,"href":"https:\/\/liftcolumn.com\/index.php?rest_route=%2Fwp%2Fv2%2Fproduct_cat&post=10787"},{"taxonomy":"product_tag","embeddable":true,"href":"https:\/\/liftcolumn.com\/index.php?rest_route=%2Fwp%2Fv2%2Fproduct_tag&post=10787"}],"curies":[{"name":"wp","href":"https:\/\/api.w.org\/{rel}","templated":true}]}}